{"id":12513,"date":"2021-05-26T17:43:52","date_gmt":"2021-05-26T17:43:52","guid":{"rendered":"http:\/\/rafmx.com\/sitios\/AsensionCuanticaAngelical\/?post_type=product&#038;p=12513"},"modified":"2021-05-26T17:45:11","modified_gmt":"2021-05-26T17:45:11","slug":"difusor-lantern","status":"publish","type":"product","link":"https:\/\/ascencioncuanticaangelical.com.mx\/?product=difusor-lantern","title":{"rendered":"Difusor Lantern"},"content":{"rendered":"","protected":false},"excerpt":{"rendered":"<p>Complementa tu decoraci\u00f3n con este acogedor difusor Lantern de Young Living. Su elegancia y exquisito dise\u00f1o transformara cualquier habitaci\u00f3n de tu hogar. Cuenta con detalles de metal y vidrio y 11 diferentes tonos de luz. Es el complemento perfecto para cualquier reuni\u00f3n.<\/p>\n<p>C\u00f3mo se usa<br \/>\nFor use, safety, and care information, refer to the Lantern Diffuser Operation Manual.<br \/>\nIngredientes<br \/>\nlantern diffuser<\/p>\n","protected":false},"featured_media":12514,"template":"","meta":[],"class_list":{"0":"post-12513","1":"product","2":"type-product","3":"status-publish","4":"has-post-thumbnail","6":"product_cat-otros","7":"product_cat-difusores","8":"product_tag-chacras","11":"first","12":"instock","13":"purchasable","14":"product-type-simple"},"yoast_head":"<!-- This site is optimized with the Yoast SEO plugin v15.4 - https:\/\/yoast.com\/wordpress\/plugins\/seo\/ -->\n<title>Difusor Lantern - Asensi\u00f3n Cu\u00e1ntica Angelical<\/title>\n<meta name=\"robots\" content=\"index, follow, max-snippet:-1, max-image-preview:large, max-video-preview:-1\" \/>\n<link rel=\"canonical\" href=\"https:\/\/ascencioncuanticaangelical.com.mx\/?product=difusor-lantern\" \/>\n<meta property=\"og:locale\" content=\"es_MX\" \/>\n<meta property=\"og:type\" content=\"article\" \/>\n<meta property=\"og:title\" content=\"Difusor Lantern - Asensi\u00f3n Cu\u00e1ntica Angelical\" \/>\n<meta property=\"og:description\" content=\"Complementa tu decoraci\u00f3n con este acogedor difusor Lantern de Young Living. Su elegancia y exquisito dise\u00f1o transformara cualquier habitaci\u00f3n de tu hogar. Cuenta con detalles de metal y vidrio y 11 diferentes tonos de luz. Es el complemento perfecto para cualquier reuni\u00f3n.  C\u00f3mo se usa For use, safety, and care information, refer to the Lantern Diffuser Operation Manual. Ingredientes lantern diffuser\" \/>\n<meta property=\"og:url\" content=\"https:\/\/ascencioncuanticaangelical.com.mx\/?product=difusor-lantern\" \/>\n<meta property=\"og:site_name\" content=\"Asensi\u00f3n Cu\u00e1ntica Angelical\" \/>\n<meta property=\"article:modified_time\" content=\"2021-05-26T17:45:11+00:00\" \/>\n<meta property=\"og:image\" content=\"https:\/\/ascencioncuanticaangelical.com.mx\/wp-content\/uploads\/2021\/05\/0_Difusor-Lantern.png\" \/>\n\t<meta property=\"og:image:width\" content=\"601\" \/>\n\t<meta property=\"og:image:height\" content=\"901\" \/>\n<meta name=\"twitter:card\" content=\"summary_large_image\" \/>\n<meta name=\"twitter:label1\" content=\"Escrito por\">\n\t<meta name=\"twitter:data1\" content=\"root\">\n<script type=\"application\/ld+json\" class=\"yoast-schema-graph\">{\"@context\":\"https:\/\/schema.org\",\"@graph\":[{\"@type\":\"WebSite\",\"@id\":\"https:\/\/ascencioncuanticaangelical.com.mx\/#website\",\"url\":\"https:\/\/ascencioncuanticaangelical.com.mx\/\",\"name\":\"Asensi\\u00f3n Cu\\u00e1ntica Angelical\",\"description\":\"Sitio de Asensi\\u00f3n Cu\\u00e1ntica Angelical\",\"potentialAction\":[{\"@type\":\"SearchAction\",\"target\":\"https:\/\/ascencioncuanticaangelical.com.mx\/?s={search_term_string}\",\"query-input\":\"required name=search_term_string\"}],\"inLanguage\":\"es\"},{\"@type\":\"ImageObject\",\"@id\":\"https:\/\/ascencioncuanticaangelical.com.mx\/?product=difusor-lantern#primaryimage\",\"inLanguage\":\"es\",\"url\":\"https:\/\/ascencioncuanticaangelical.com.mx\/wp-content\/uploads\/2021\/05\/0_Difusor-Lantern.png\",\"width\":601,\"height\":901},{\"@type\":\"WebPage\",\"@id\":\"https:\/\/ascencioncuanticaangelical.com.mx\/?product=difusor-lantern#webpage\",\"url\":\"https:\/\/ascencioncuanticaangelical.com.mx\/?product=difusor-lantern\",\"name\":\"Difusor Lantern - Asensi\\u00f3n Cu\\u00e1ntica Angelical\",\"isPartOf\":{\"@id\":\"https:\/\/ascencioncuanticaangelical.com.mx\/#website\"},\"primaryImageOfPage\":{\"@id\":\"https:\/\/ascencioncuanticaangelical.com.mx\/?product=difusor-lantern#primaryimage\"},\"datePublished\":\"2021-05-26T17:43:52+00:00\",\"dateModified\":\"2021-05-26T17:45:11+00:00\",\"inLanguage\":\"es\",\"potentialAction\":[{\"@type\":\"ReadAction\",\"target\":[\"https:\/\/ascencioncuanticaangelical.com.mx\/?product=difusor-lantern\"]}]}]}<\/script>\n<!-- \/ Yoast SEO plugin. -->","_links":{"self":[{"href":"https:\/\/ascencioncuanticaangelical.com.mx\/index.php?rest_route=\/wp\/v2\/product\/12513","targetHints":{"allow":["GET"]}}],"collection":[{"href":"https:\/\/ascencioncuanticaangelical.com.mx\/index.php?rest_route=\/wp\/v2\/product"}],"about":[{"href":"https:\/\/ascencioncuanticaangelical.com.mx\/index.php?rest_route=\/wp\/v2\/types\/product"}],"wp:featuredmedia":[{"embeddable":true,"href":"https:\/\/ascencioncuanticaangelical.com.mx\/index.php?rest_route=\/wp\/v2\/media\/12514"}],"wp:attachment":[{"href":"https:\/\/ascencioncuanticaangelical.com.mx\/index.php?rest_route=%2Fwp%2Fv2%2Fmedia&parent=12513"}],"curies":[{"name":"wp","href":"https:\/\/api.w.org\/{rel}","templated":true}]}}