{"id":12511,"date":"2021-05-26T17:41:15","date_gmt":"2021-05-26T17:41:15","guid":{"rendered":"http:\/\/rafmx.com\/sitios\/AsensionCuanticaAngelical\/?post_type=product&#038;p=12511"},"modified":"2021-05-26T17:43:14","modified_gmt":"2021-05-26T17:43:14","slug":"difusor-feather-the-owl","status":"publish","type":"product","link":"https:\/\/ascencioncuanticaangelical.com.mx\/?product=difusor-feather-the-owl","title":{"rendered":"Difusor Feather the owl"},"content":{"rendered":"","protected":false},"excerpt":{"rendered":"<p>Saluda a nuestro m\u00e1s lindo difusor de aceites esenciales: Feather the Owl. Este exclusivo difusor ultras\u00f3nico de dise\u00f1o personalizado funciona como un humidificador, difusor de aroma, luz nocturna y m\u00e1quina de ruido blanco: \u00a1un b\u00faho en uno!<\/p>\n<p>Feather the Owl, amigable para los ni\u00f1os y f\u00e1cil de usar, presenta difusi\u00f3n m\u00faltiple de menor a mayor, 10 opciones diferentes de luz LED y 5 opciones de sonido de ruido blanco<br \/>\nC\u00f3mo se usa<br \/>\nDiffuse Young Living\u2019s KidScents essential oil blends in your little one\u2019s room or play area:<br \/>\nSleepyIze\u2122 to help children unwind and relax as part of a nighttime routine<br \/>\nSniffleEase\u2122 to help inspire calm breathing<br \/>\nGeneYus\u2122 for concentrating on projects or schoolwork<br \/>\nUse your choice of Feather\u2019s white-noise options to drown out the outside noises that keep your little one from sleeping soundly through the night.<br \/>\nSelect the lullaby white-noise option to create the perfect story-time ambiance.<br \/>\nSelect any light option to fit your child\u2019s mood or favorite color.<\/p>\n","protected":false},"featured_media":12512,"template":"","meta":[],"class_list":{"0":"post-12511","1":"product","2":"type-product","3":"status-publish","4":"has-post-thumbnail","6":"product_cat-otros","7":"product_cat-difusores","8":"product_tag-chacras","11":"first","12":"instock","13":"purchasable","14":"product-type-simple"},"yoast_head":"<!-- This site is optimized with the Yoast SEO plugin v15.4 - https:\/\/yoast.com\/wordpress\/plugins\/seo\/ -->\n<title>Difusor Feather the owl - Asensi\u00f3n Cu\u00e1ntica Angelical<\/title>\n<meta name=\"robots\" content=\"index, follow, max-snippet:-1, max-image-preview:large, max-video-preview:-1\" \/>\n<link rel=\"canonical\" href=\"https:\/\/ascencioncuanticaangelical.com.mx\/?product=difusor-feather-the-owl\" \/>\n<meta property=\"og:locale\" content=\"es_MX\" \/>\n<meta property=\"og:type\" content=\"article\" \/>\n<meta property=\"og:title\" content=\"Difusor Feather the owl - Asensi\u00f3n Cu\u00e1ntica Angelical\" \/>\n<meta property=\"og:description\" content=\"Saluda a nuestro m\u00e1s lindo difusor de aceites esenciales: Feather the Owl. Este exclusivo difusor ultras\u00f3nico de dise\u00f1o personalizado funciona como un humidificador, difusor de aroma, luz nocturna y m\u00e1quina de ruido blanco: \u00a1un b\u00faho en uno!  Feather the Owl, amigable para los ni\u00f1os y f\u00e1cil de usar, presenta difusi\u00f3n m\u00faltiple de menor a mayor, 10 opciones diferentes de luz LED y 5 opciones de sonido de ruido blanco C\u00f3mo se usa Diffuse Young Living\u2019s KidScents essential oil blends in your little one\u2019s room or play area: SleepyIze\u2122 to help children unwind and relax as part of a nighttime routine SniffleEase\u2122 to help inspire calm breathing GeneYus\u2122 for concentrating on projects or schoolwork Use your choice of Feather\u2019s white-noise options to drown out the outside noises that keep your little one from sleeping soundly through the night. Select the lullaby white-noise option to create the perfect story-time ambiance. Select any light option to fit your child\u2019s mood or favorite color.\" \/>\n<meta property=\"og:url\" content=\"https:\/\/ascencioncuanticaangelical.com.mx\/?product=difusor-feather-the-owl\" \/>\n<meta property=\"og:site_name\" content=\"Asensi\u00f3n Cu\u00e1ntica Angelical\" \/>\n<meta property=\"article:modified_time\" content=\"2021-05-26T17:43:14+00:00\" \/>\n<meta property=\"og:image\" content=\"https:\/\/ascencioncuanticaangelical.com.mx\/wp-content\/uploads\/2021\/05\/0_Difusor-Feather-the-owl.png\" \/>\n\t<meta property=\"og:image:width\" content=\"601\" \/>\n\t<meta property=\"og:image:height\" content=\"901\" \/>\n<meta name=\"twitter:card\" content=\"summary_large_image\" \/>\n<meta name=\"twitter:label1\" content=\"Escrito por\">\n\t<meta name=\"twitter:data1\" content=\"root\">\n<script type=\"application\/ld+json\" class=\"yoast-schema-graph\">{\"@context\":\"https:\/\/schema.org\",\"@graph\":[{\"@type\":\"WebSite\",\"@id\":\"https:\/\/ascencioncuanticaangelical.com.mx\/#website\",\"url\":\"https:\/\/ascencioncuanticaangelical.com.mx\/\",\"name\":\"Asensi\\u00f3n Cu\\u00e1ntica Angelical\",\"description\":\"Sitio de Asensi\\u00f3n Cu\\u00e1ntica Angelical\",\"potentialAction\":[{\"@type\":\"SearchAction\",\"target\":\"https:\/\/ascencioncuanticaangelical.com.mx\/?s={search_term_string}\",\"query-input\":\"required name=search_term_string\"}],\"inLanguage\":\"es\"},{\"@type\":\"ImageObject\",\"@id\":\"https:\/\/ascencioncuanticaangelical.com.mx\/?product=difusor-feather-the-owl#primaryimage\",\"inLanguage\":\"es\",\"url\":\"https:\/\/ascencioncuanticaangelical.com.mx\/wp-content\/uploads\/2021\/05\/0_Difusor-Feather-the-owl.png\",\"width\":601,\"height\":901},{\"@type\":\"WebPage\",\"@id\":\"https:\/\/ascencioncuanticaangelical.com.mx\/?product=difusor-feather-the-owl#webpage\",\"url\":\"https:\/\/ascencioncuanticaangelical.com.mx\/?product=difusor-feather-the-owl\",\"name\":\"Difusor Feather the owl - Asensi\\u00f3n Cu\\u00e1ntica Angelical\",\"isPartOf\":{\"@id\":\"https:\/\/ascencioncuanticaangelical.com.mx\/#website\"},\"primaryImageOfPage\":{\"@id\":\"https:\/\/ascencioncuanticaangelical.com.mx\/?product=difusor-feather-the-owl#primaryimage\"},\"datePublished\":\"2021-05-26T17:41:15+00:00\",\"dateModified\":\"2021-05-26T17:43:14+00:00\",\"inLanguage\":\"es\",\"potentialAction\":[{\"@type\":\"ReadAction\",\"target\":[\"https:\/\/ascencioncuanticaangelical.com.mx\/?product=difusor-feather-the-owl\"]}]}]}<\/script>\n<!-- \/ Yoast SEO plugin. -->","_links":{"self":[{"href":"https:\/\/ascencioncuanticaangelical.com.mx\/index.php?rest_route=\/wp\/v2\/product\/12511","targetHints":{"allow":["GET"]}}],"collection":[{"href":"https:\/\/ascencioncuanticaangelical.com.mx\/index.php?rest_route=\/wp\/v2\/product"}],"about":[{"href":"https:\/\/ascencioncuanticaangelical.com.mx\/index.php?rest_route=\/wp\/v2\/types\/product"}],"wp:featuredmedia":[{"embeddable":true,"href":"https:\/\/ascencioncuanticaangelical.com.mx\/index.php?rest_route=\/wp\/v2\/media\/12512"}],"wp:attachment":[{"href":"https:\/\/ascencioncuanticaangelical.com.mx\/index.php?rest_route=%2Fwp%2Fv2%2Fmedia&parent=12511"}],"curies":[{"name":"wp","href":"https:\/\/api.w.org\/{rel}","templated":true}]}}