{"id":12509,"date":"2021-05-26T17:21:41","date_gmt":"2021-05-26T17:21:41","guid":{"rendered":"http:\/\/rafmx.com\/sitios\/AsensionCuanticaAngelical\/?post_type=product&#038;p=12509"},"modified":"2021-05-26T17:23:40","modified_gmt":"2021-05-26T17:23:40","slug":"difusor-desert-mist","status":"publish","type":"product","link":"https:\/\/ascencioncuanticaangelical.com.mx\/?product=difusor-desert-mist","title":{"rendered":"Difusor Desert Mist"},"content":{"rendered":"","protected":false},"excerpt":{"rendered":"<p>El difusor ultras\u00f3nico Desert Mist de Young Living funciona como humidificador, atomizador y difusor de aroma en un producto f\u00e1cil de usar. Inspirado en el dise\u00f1o de un elegante enrejado marroqu\u00ed, el difusor Desert Mist brinda un aspecto ex\u00f3tico y moderno a cualquier espacio. Tambi\u00e9n ayuda a respaldar un entorno natural, al reemplazar los da\u00f1inos productos qu\u00edmicos de fragancias para el hogar con aceites esenciales de origen natural. El difusor Desert Mist utiliza tecnolog\u00eda de frecuencia ultras\u00f3nica y genera ondas a 1,7 millones por segundo, descomponiendo los aceites esenciales y el agua en millones de micropart\u00edculas, dispers\u00e1ndolas en el aire y liberando exclusivos componentes org\u00e1nicos. Este difusor est\u00e1 dise\u00f1ado para funcionar continuamente durante 5-6 horas en modo alto, 8 horas en modo bajo y 10 horas en modo intermitente. * Tambi\u00e9n ofrece 11 ajustes de luz individuales, incluido un modo entrecortado, similar a una vela.<\/p>\n<p>C\u00f3mo se usa<br \/>\nPara obtener informaci\u00f3n sobre el uso, la seguridad y el cuidado del Desert Mist, consulta el manual de operaciones.<\/p>\n","protected":false},"featured_media":12510,"template":"","meta":[],"class_list":{"0":"post-12509","1":"product","2":"type-product","3":"status-publish","4":"has-post-thumbnail","6":"product_cat-otros","7":"product_cat-difusores","8":"product_tag-chacras","11":"first","12":"instock","13":"purchasable","14":"product-type-simple"},"yoast_head":"<!-- This site is optimized with the Yoast SEO plugin v15.4 - https:\/\/yoast.com\/wordpress\/plugins\/seo\/ -->\n<title>Difusor Desert Mist - Asensi\u00f3n Cu\u00e1ntica Angelical<\/title>\n<meta name=\"robots\" content=\"index, follow, max-snippet:-1, max-image-preview:large, max-video-preview:-1\" \/>\n<link rel=\"canonical\" href=\"https:\/\/ascencioncuanticaangelical.com.mx\/?product=difusor-desert-mist\" \/>\n<meta property=\"og:locale\" content=\"es_MX\" \/>\n<meta property=\"og:type\" content=\"article\" \/>\n<meta property=\"og:title\" content=\"Difusor Desert Mist - Asensi\u00f3n Cu\u00e1ntica Angelical\" \/>\n<meta property=\"og:description\" content=\"El difusor ultras\u00f3nico Desert Mist de Young Living funciona como humidificador, atomizador y difusor de aroma en un producto f\u00e1cil de usar. Inspirado en el dise\u00f1o de un elegante enrejado marroqu\u00ed, el difusor Desert Mist brinda un aspecto ex\u00f3tico y moderno a cualquier espacio. Tambi\u00e9n ayuda a respaldar un entorno natural, al reemplazar los da\u00f1inos productos qu\u00edmicos de fragancias para el hogar con aceites esenciales de origen natural. El difusor Desert Mist utiliza tecnolog\u00eda de frecuencia ultras\u00f3nica y genera ondas a 1,7 millones por segundo, descomponiendo los aceites esenciales y el agua en millones de micropart\u00edculas, dispers\u00e1ndolas en el aire y liberando exclusivos componentes org\u00e1nicos. Este difusor est\u00e1 dise\u00f1ado para funcionar continuamente durante 5-6 horas en modo alto, 8 horas en modo bajo y 10 horas en modo intermitente. * Tambi\u00e9n ofrece 11 ajustes de luz individuales, incluido un modo entrecortado, similar a una vela.  C\u00f3mo se usa Para obtener informaci\u00f3n sobre el uso, la seguridad y el cuidado del Desert Mist, consulta el manual de operaciones.\" \/>\n<meta property=\"og:url\" content=\"https:\/\/ascencioncuanticaangelical.com.mx\/?product=difusor-desert-mist\" \/>\n<meta property=\"og:site_name\" content=\"Asensi\u00f3n Cu\u00e1ntica Angelical\" \/>\n<meta property=\"article:modified_time\" content=\"2021-05-26T17:23:40+00:00\" \/>\n<meta property=\"og:image\" content=\"https:\/\/ascencioncuanticaangelical.com.mx\/wp-content\/uploads\/2021\/05\/0_Difusor-Desert-Mist.png\" \/>\n\t<meta property=\"og:image:width\" content=\"601\" \/>\n\t<meta property=\"og:image:height\" content=\"901\" \/>\n<meta name=\"twitter:card\" content=\"summary_large_image\" \/>\n<meta name=\"twitter:label1\" content=\"Escrito por\">\n\t<meta name=\"twitter:data1\" content=\"root\">\n<script type=\"application\/ld+json\" class=\"yoast-schema-graph\">{\"@context\":\"https:\/\/schema.org\",\"@graph\":[{\"@type\":\"WebSite\",\"@id\":\"https:\/\/ascencioncuanticaangelical.com.mx\/#website\",\"url\":\"https:\/\/ascencioncuanticaangelical.com.mx\/\",\"name\":\"Asensi\\u00f3n Cu\\u00e1ntica Angelical\",\"description\":\"Sitio de Asensi\\u00f3n Cu\\u00e1ntica Angelical\",\"potentialAction\":[{\"@type\":\"SearchAction\",\"target\":\"https:\/\/ascencioncuanticaangelical.com.mx\/?s={search_term_string}\",\"query-input\":\"required name=search_term_string\"}],\"inLanguage\":\"es\"},{\"@type\":\"ImageObject\",\"@id\":\"https:\/\/ascencioncuanticaangelical.com.mx\/?product=difusor-desert-mist#primaryimage\",\"inLanguage\":\"es\",\"url\":\"https:\/\/ascencioncuanticaangelical.com.mx\/wp-content\/uploads\/2021\/05\/0_Difusor-Desert-Mist.png\",\"width\":601,\"height\":901},{\"@type\":\"WebPage\",\"@id\":\"https:\/\/ascencioncuanticaangelical.com.mx\/?product=difusor-desert-mist#webpage\",\"url\":\"https:\/\/ascencioncuanticaangelical.com.mx\/?product=difusor-desert-mist\",\"name\":\"Difusor Desert Mist - Asensi\\u00f3n Cu\\u00e1ntica Angelical\",\"isPartOf\":{\"@id\":\"https:\/\/ascencioncuanticaangelical.com.mx\/#website\"},\"primaryImageOfPage\":{\"@id\":\"https:\/\/ascencioncuanticaangelical.com.mx\/?product=difusor-desert-mist#primaryimage\"},\"datePublished\":\"2021-05-26T17:21:41+00:00\",\"dateModified\":\"2021-05-26T17:23:40+00:00\",\"inLanguage\":\"es\",\"potentialAction\":[{\"@type\":\"ReadAction\",\"target\":[\"https:\/\/ascencioncuanticaangelical.com.mx\/?product=difusor-desert-mist\"]}]}]}<\/script>\n<!-- \/ Yoast SEO plugin. -->","_links":{"self":[{"href":"https:\/\/ascencioncuanticaangelical.com.mx\/index.php?rest_route=\/wp\/v2\/product\/12509","targetHints":{"allow":["GET"]}}],"collection":[{"href":"https:\/\/ascencioncuanticaangelical.com.mx\/index.php?rest_route=\/wp\/v2\/product"}],"about":[{"href":"https:\/\/ascencioncuanticaangelical.com.mx\/index.php?rest_route=\/wp\/v2\/types\/product"}],"wp:featuredmedia":[{"embeddable":true,"href":"https:\/\/ascencioncuanticaangelical.com.mx\/index.php?rest_route=\/wp\/v2\/media\/12510"}],"wp:attachment":[{"href":"https:\/\/ascencioncuanticaangelical.com.mx\/index.php?rest_route=%2Fwp%2Fv2%2Fmedia&parent=12509"}],"curies":[{"name":"wp","href":"https:\/\/api.w.org\/{rel}","templated":true}]}}