{"id":12507,"date":"2021-05-26T16:57:56","date_gmt":"2021-05-26T16:57:56","guid":{"rendered":"http:\/\/rafmx.com\/sitios\/AsensionCuanticaAngelical\/?post_type=product&#038;p=12507"},"modified":"2021-05-26T17:20:52","modified_gmt":"2021-05-26T17:20:52","slug":"dewdrop-diffuser-mx","status":"publish","type":"product","link":"https:\/\/ascencioncuanticaangelical.com.mx\/?product=dewdrop-diffuser-mx","title":{"rendered":"Dewdrop diffuser (MX)"},"content":{"rendered":"","protected":false},"excerpt":{"rendered":"<p>El Difusor Dewdrop de Young Living funciona como un humidificador, atomizador, y difusor de aroma en un solo producto f\u00e1cil de usar. Inspirado por la pureza y la elegancia de una gota de roc\u00edo de la ma\u00f1ana, el dise\u00f1o del difusor Dewdrop refleja la dedicaci\u00f3n de Young Living para proporcionar aceites esenciales de alta calidad. C\u00f3mo se usa<br \/>\nRetira las tapas tanto exteriores como interiores.<br \/>\nAgrega agua hasta que el nivel alcance, pero no exceda, el marcador de la l\u00ednea de llenado de color rojo.<br \/>\nAgrega 5 a 8 gotas de aceite esencial.<br \/>\nVuelve a colocar ambas tapas en la unidad; alinea la ranura de la tapa exterior con la marca de la base.<br \/>\nConecta el adaptador de corriente a una toma de electricidad.<br \/>\nPresiona el bot\u00f3n de encendido \/ apagado para activar.<br \/>\nLa unidad debe empezar a producir vapor y la luz LED debe estar encendida.<\/p>\n","protected":false},"featured_media":12508,"template":"","meta":[],"class_list":{"0":"post-12507","1":"product","2":"type-product","3":"status-publish","4":"has-post-thumbnail","6":"product_cat-otros","7":"product_cat-difusores","8":"product_tag-chacras","11":"first","12":"instock","13":"purchasable","14":"product-type-simple"},"yoast_head":"<!-- This site is optimized with the Yoast SEO plugin v15.4 - https:\/\/yoast.com\/wordpress\/plugins\/seo\/ -->\n<title>Dewdrop diffuser (MX) - Asensi\u00f3n Cu\u00e1ntica Angelical<\/title>\n<meta name=\"robots\" content=\"index, follow, max-snippet:-1, max-image-preview:large, max-video-preview:-1\" \/>\n<link rel=\"canonical\" href=\"https:\/\/ascencioncuanticaangelical.com.mx\/?product=dewdrop-diffuser-mx\" \/>\n<meta property=\"og:locale\" content=\"es_MX\" \/>\n<meta property=\"og:type\" content=\"article\" \/>\n<meta property=\"og:title\" content=\"Dewdrop diffuser (MX) - Asensi\u00f3n Cu\u00e1ntica Angelical\" \/>\n<meta property=\"og:description\" content=\"El Difusor Dewdrop de Young Living funciona como un humidificador, atomizador, y difusor de aroma en un solo producto f\u00e1cil de usar. Inspirado por la pureza y la elegancia de una gota de roc\u00edo de la ma\u00f1ana, el dise\u00f1o del difusor Dewdrop refleja la dedicaci\u00f3n de Young Living para proporcionar aceites esenciales de alta calidad. C\u00f3mo se usa Retira las tapas tanto exteriores como interiores. Agrega agua hasta que el nivel alcance, pero no exceda, el marcador de la l\u00ednea de llenado de color rojo. Agrega 5 a 8 gotas de aceite esencial. Vuelve a colocar ambas tapas en la unidad; alinea la ranura de la tapa exterior con la marca de la base. Conecta el adaptador de corriente a una toma de electricidad. Presiona el bot\u00f3n de encendido \/ apagado para activar. La unidad debe empezar a producir vapor y la luz LED debe estar encendida.\" \/>\n<meta property=\"og:url\" content=\"https:\/\/ascencioncuanticaangelical.com.mx\/?product=dewdrop-diffuser-mx\" \/>\n<meta property=\"og:site_name\" content=\"Asensi\u00f3n Cu\u00e1ntica Angelical\" \/>\n<meta property=\"article:modified_time\" content=\"2021-05-26T17:20:52+00:00\" \/>\n<meta property=\"og:image\" content=\"https:\/\/ascencioncuanticaangelical.com.mx\/wp-content\/uploads\/2021\/05\/0_Dewdrop-diffuser-MX.png\" \/>\n\t<meta property=\"og:image:width\" content=\"600\" \/>\n\t<meta property=\"og:image:height\" content=\"900\" \/>\n<meta name=\"twitter:card\" content=\"summary_large_image\" \/>\n<meta name=\"twitter:label1\" content=\"Escrito por\">\n\t<meta name=\"twitter:data1\" content=\"root\">\n<script type=\"application\/ld+json\" class=\"yoast-schema-graph\">{\"@context\":\"https:\/\/schema.org\",\"@graph\":[{\"@type\":\"WebSite\",\"@id\":\"https:\/\/ascencioncuanticaangelical.com.mx\/#website\",\"url\":\"https:\/\/ascencioncuanticaangelical.com.mx\/\",\"name\":\"Asensi\\u00f3n Cu\\u00e1ntica Angelical\",\"description\":\"Sitio de Asensi\\u00f3n Cu\\u00e1ntica Angelical\",\"potentialAction\":[{\"@type\":\"SearchAction\",\"target\":\"https:\/\/ascencioncuanticaangelical.com.mx\/?s={search_term_string}\",\"query-input\":\"required name=search_term_string\"}],\"inLanguage\":\"es\"},{\"@type\":\"ImageObject\",\"@id\":\"https:\/\/ascencioncuanticaangelical.com.mx\/?product=dewdrop-diffuser-mx#primaryimage\",\"inLanguage\":\"es\",\"url\":\"https:\/\/ascencioncuanticaangelical.com.mx\/wp-content\/uploads\/2021\/05\/0_Dewdrop-diffuser-MX.png\",\"width\":600,\"height\":900},{\"@type\":\"WebPage\",\"@id\":\"https:\/\/ascencioncuanticaangelical.com.mx\/?product=dewdrop-diffuser-mx#webpage\",\"url\":\"https:\/\/ascencioncuanticaangelical.com.mx\/?product=dewdrop-diffuser-mx\",\"name\":\"Dewdrop diffuser (MX) - Asensi\\u00f3n Cu\\u00e1ntica Angelical\",\"isPartOf\":{\"@id\":\"https:\/\/ascencioncuanticaangelical.com.mx\/#website\"},\"primaryImageOfPage\":{\"@id\":\"https:\/\/ascencioncuanticaangelical.com.mx\/?product=dewdrop-diffuser-mx#primaryimage\"},\"datePublished\":\"2021-05-26T16:57:56+00:00\",\"dateModified\":\"2021-05-26T17:20:52+00:00\",\"inLanguage\":\"es\",\"potentialAction\":[{\"@type\":\"ReadAction\",\"target\":[\"https:\/\/ascencioncuanticaangelical.com.mx\/?product=dewdrop-diffuser-mx\"]}]}]}<\/script>\n<!-- \/ Yoast SEO plugin. -->","_links":{"self":[{"href":"https:\/\/ascencioncuanticaangelical.com.mx\/index.php?rest_route=\/wp\/v2\/product\/12507","targetHints":{"allow":["GET"]}}],"collection":[{"href":"https:\/\/ascencioncuanticaangelical.com.mx\/index.php?rest_route=\/wp\/v2\/product"}],"about":[{"href":"https:\/\/ascencioncuanticaangelical.com.mx\/index.php?rest_route=\/wp\/v2\/types\/product"}],"wp:featuredmedia":[{"embeddable":true,"href":"https:\/\/ascencioncuanticaangelical.com.mx\/index.php?rest_route=\/wp\/v2\/media\/12508"}],"wp:attachment":[{"href":"https:\/\/ascencioncuanticaangelical.com.mx\/index.php?rest_route=%2Fwp%2Fv2%2Fmedia&parent=12507"}],"curies":[{"name":"wp","href":"https:\/\/api.w.org\/{rel}","templated":true}]}}