{"id":12496,"date":"2021-05-20T14:57:40","date_gmt":"2021-05-20T14:57:40","guid":{"rendered":"http:\/\/rafmx.com\/sitios\/AsensionCuanticaAngelical\/?post_type=product&#038;p=12496"},"modified":"2021-06-17T15:10:51","modified_gmt":"2021-06-17T15:10:51","slug":"codigos-de-la-diosa","status":"publish","type":"product","link":"https:\/\/ascencioncuanticaangelical.com.mx\/?product=codigos-de-la-diosa","title":{"rendered":"C\u00d3DIGOS DE LA DIOSA"},"content":{"rendered":"<p>El trabajo con los c\u00f3digos de la Diosa se lleva a cabo con la ayuda de la Amada Maestra Maria Magdalena, en profunda conexi\u00f3n con la energ\u00eda de la Madre GAIA.<br \/>\nNos ayuda a:<br \/>\n+Alinear las energ\u00edas masculinas y femeninas de nuestro coraz\u00f3n.<br \/>\n+Sanar en nuestros ADN la energ\u00eda femenina, despertando su poder sagrado a trav\u00e9s del Coraz\u00f3n.<br \/>\n+Sanar en nuestro ADN la conciencia de separaci\u00f3n de la llama gemela.<br \/>\n+Re Alinearnos a la sacralidad de la sexualidad.<\/p>\n","protected":false},"excerpt":{"rendered":"<p>El trabajo con los c\u00f3digos de la Diosa se lleva a cabo con la ayuda de la Amada Maestra Maria Magdalena, en profunda conexi\u00f3n con la energ\u00eda de la Madre GAIA. Nos ayuda a: +Alinear las energ\u00edas masculinas y femeninas de nuestro coraz\u00f3n. +Sanar en nuestros ADN la energ\u00eda femenina, despertando su poder sagrado a [&hellip;]<\/p>\n","protected":false},"featured_media":12540,"template":"","meta":[],"class_list":{"0":"post-12496","1":"product","2":"type-product","3":"status-publish","4":"has-post-thumbnail","6":"product_cat-eter","7":"product_cat-codigos-de-la-luz","8":"product_tag-chacras","11":"first","12":"instock","13":"purchasable","14":"product-type-simple"},"yoast_head":"<!-- This site is optimized with the Yoast SEO plugin v15.4 - https:\/\/yoast.com\/wordpress\/plugins\/seo\/ -->\n<title>C\u00d3DIGOS DE LA DIOSA - Asensi\u00f3n Cu\u00e1ntica Angelical<\/title>\n<meta name=\"robots\" content=\"index, follow, max-snippet:-1, max-image-preview:large, max-video-preview:-1\" \/>\n<link rel=\"canonical\" href=\"https:\/\/ascencioncuanticaangelical.com.mx\/?product=codigos-de-la-diosa\" \/>\n<meta property=\"og:locale\" content=\"es_MX\" \/>\n<meta property=\"og:type\" content=\"article\" \/>\n<meta property=\"og:title\" content=\"C\u00d3DIGOS DE LA DIOSA - Asensi\u00f3n Cu\u00e1ntica Angelical\" \/>\n<meta property=\"og:description\" content=\"El trabajo con los c\u00f3digos de la Diosa se lleva a cabo con la ayuda de la Amada Maestra Maria Magdalena, en profunda conexi\u00f3n con la energ\u00eda de la Madre GAIA. Nos ayuda a: +Alinear las energ\u00edas masculinas y femeninas de nuestro coraz\u00f3n. +Sanar en nuestros ADN la energ\u00eda femenina, despertando su poder sagrado a [&hellip;]\" \/>\n<meta property=\"og:url\" content=\"https:\/\/ascencioncuanticaangelical.com.mx\/?product=codigos-de-la-diosa\" \/>\n<meta property=\"og:site_name\" content=\"Asensi\u00f3n Cu\u00e1ntica Angelical\" \/>\n<meta property=\"article:modified_time\" content=\"2021-06-17T15:10:51+00:00\" \/>\n<meta property=\"og:image\" content=\"https:\/\/ascencioncuanticaangelical.com.mx\/wp-content\/uploads\/2021\/06\/quantum-holoforum-01-scaled.jpg\" \/>\n\t<meta property=\"og:image:width\" content=\"2555\" \/>\n\t<meta property=\"og:image:height\" content=\"2560\" \/>\n<meta name=\"twitter:card\" content=\"summary_large_image\" \/>\n<meta name=\"twitter:label1\" content=\"Escrito por\">\n\t<meta name=\"twitter:data1\" content=\"root\">\n\t<meta name=\"twitter:label2\" content=\"Tiempo de lectura\">\n\t<meta name=\"twitter:data2\" content=\"0 minutos\">\n<script type=\"application\/ld+json\" class=\"yoast-schema-graph\">{\"@context\":\"https:\/\/schema.org\",\"@graph\":[{\"@type\":\"WebSite\",\"@id\":\"https:\/\/ascencioncuanticaangelical.com.mx\/#website\",\"url\":\"https:\/\/ascencioncuanticaangelical.com.mx\/\",\"name\":\"Asensi\\u00f3n Cu\\u00e1ntica Angelical\",\"description\":\"Sitio de Asensi\\u00f3n Cu\\u00e1ntica Angelical\",\"potentialAction\":[{\"@type\":\"SearchAction\",\"target\":\"https:\/\/ascencioncuanticaangelical.com.mx\/?s={search_term_string}\",\"query-input\":\"required name=search_term_string\"}],\"inLanguage\":\"es\"},{\"@type\":\"ImageObject\",\"@id\":\"https:\/\/ascencioncuanticaangelical.com.mx\/?product=codigos-de-la-diosa#primaryimage\",\"inLanguage\":\"es\",\"url\":\"https:\/\/ascencioncuanticaangelical.com.mx\/wp-content\/uploads\/2021\/06\/quantum-holoforum-01-scaled.jpg\",\"width\":2555,\"height\":2560},{\"@type\":\"WebPage\",\"@id\":\"https:\/\/ascencioncuanticaangelical.com.mx\/?product=codigos-de-la-diosa#webpage\",\"url\":\"https:\/\/ascencioncuanticaangelical.com.mx\/?product=codigos-de-la-diosa\",\"name\":\"C\\u00d3DIGOS DE LA DIOSA - Asensi\\u00f3n Cu\\u00e1ntica Angelical\",\"isPartOf\":{\"@id\":\"https:\/\/ascencioncuanticaangelical.com.mx\/#website\"},\"primaryImageOfPage\":{\"@id\":\"https:\/\/ascencioncuanticaangelical.com.mx\/?product=codigos-de-la-diosa#primaryimage\"},\"datePublished\":\"2021-05-20T14:57:40+00:00\",\"dateModified\":\"2021-06-17T15:10:51+00:00\",\"inLanguage\":\"es\",\"potentialAction\":[{\"@type\":\"ReadAction\",\"target\":[\"https:\/\/ascencioncuanticaangelical.com.mx\/?product=codigos-de-la-diosa\"]}]}]}<\/script>\n<!-- \/ Yoast SEO plugin. -->","_links":{"self":[{"href":"https:\/\/ascencioncuanticaangelical.com.mx\/index.php?rest_route=\/wp\/v2\/product\/12496","targetHints":{"allow":["GET"]}}],"collection":[{"href":"https:\/\/ascencioncuanticaangelical.com.mx\/index.php?rest_route=\/wp\/v2\/product"}],"about":[{"href":"https:\/\/ascencioncuanticaangelical.com.mx\/index.php?rest_route=\/wp\/v2\/types\/product"}],"wp:featuredmedia":[{"embeddable":true,"href":"https:\/\/ascencioncuanticaangelical.com.mx\/index.php?rest_route=\/wp\/v2\/media\/12540"}],"wp:attachment":[{"href":"https:\/\/ascencioncuanticaangelical.com.mx\/index.php?rest_route=%2Fwp%2Fv2%2Fmedia&parent=12496"}],"curies":[{"name":"wp","href":"https:\/\/api.w.org\/{rel}","templated":true}]}}