{"id":12494,"date":"2021-05-20T14:55:28","date_gmt":"2021-05-20T14:55:28","guid":{"rendered":"http:\/\/rafmx.com\/sitios\/AsensionCuanticaAngelical\/?post_type=product&#038;p=12494"},"modified":"2021-06-17T15:09:11","modified_gmt":"2021-06-17T15:09:11","slug":"magnified-healing","status":"publish","type":"product","link":"https:\/\/ascencioncuanticaangelical.com.mx\/?product=magnified-healing","title":{"rendered":"MAGNIFIED HEALING"},"content":{"rendered":"<p>Establece un flujo constante de energ\u00eda desde su coraz\u00f3n hasta la fuente, el ALT\u00cdSIMO DIOS DEL UNIVERSO, a trav\u00e9s de todos los centros espirituales, descendiendo hasta el diamante en el centro de la tierra. Al girar, esta conexi\u00f3n crea un profundo estado de gracia fluyendo desde la fuente y estableciendo la base para el proceso de Ascensi\u00f3n.<\/p>\n<p>Es un regalo de gracia y amor incondicional de Dios a la humanidad<\/p>\n","protected":false},"excerpt":{"rendered":"<p>Establece un flujo constante de energ\u00eda desde su coraz\u00f3n hasta la fuente, el ALT\u00cdSIMO DIOS DEL UNIVERSO, a trav\u00e9s de todos los centros espirituales, descendiendo hasta el diamante en el centro de la tierra. Al girar, esta conexi\u00f3n crea un profundo estado de gracia fluyendo desde la fuente y estableciendo la base para el proceso [&hellip;]<\/p>\n","protected":false},"featured_media":12542,"template":"","meta":[],"class_list":{"0":"post-12494","1":"product","2":"type-product","3":"status-publish","4":"has-post-thumbnail","6":"product_cat-eter","7":"product_cat-terapias","8":"product_tag-chacras","11":"first","12":"instock","13":"purchasable","14":"product-type-simple"},"yoast_head":"<!-- This site is optimized with the Yoast SEO plugin v15.4 - https:\/\/yoast.com\/wordpress\/plugins\/seo\/ -->\n<title>MAGNIFIED HEALING - Asensi\u00f3n Cu\u00e1ntica Angelical<\/title>\n<meta name=\"robots\" content=\"index, follow, max-snippet:-1, max-image-preview:large, max-video-preview:-1\" \/>\n<link rel=\"canonical\" href=\"https:\/\/ascencioncuanticaangelical.com.mx\/?product=magnified-healing\" \/>\n<meta property=\"og:locale\" content=\"es_MX\" \/>\n<meta property=\"og:type\" content=\"article\" \/>\n<meta property=\"og:title\" content=\"MAGNIFIED HEALING - Asensi\u00f3n Cu\u00e1ntica Angelical\" \/>\n<meta property=\"og:description\" content=\"Establece un flujo constante de energ\u00eda desde su coraz\u00f3n hasta la fuente, el ALT\u00cdSIMO DIOS DEL UNIVERSO, a trav\u00e9s de todos los centros espirituales, descendiendo hasta el diamante en el centro de la tierra. Al girar, esta conexi\u00f3n crea un profundo estado de gracia fluyendo desde la fuente y estableciendo la base para el proceso [&hellip;]\" \/>\n<meta property=\"og:url\" content=\"https:\/\/ascencioncuanticaangelical.com.mx\/?product=magnified-healing\" \/>\n<meta property=\"og:site_name\" content=\"Asensi\u00f3n Cu\u00e1ntica Angelical\" \/>\n<meta property=\"article:modified_time\" content=\"2021-06-17T15:09:11+00:00\" \/>\n<meta property=\"og:image\" content=\"https:\/\/ascencioncuanticaangelical.com.mx\/wp-content\/uploads\/2021\/06\/40-aniversario.jpg\" \/>\n\t<meta property=\"og:image:width\" content=\"635\" \/>\n\t<meta property=\"og:image:height\" content=\"636\" \/>\n<meta name=\"twitter:card\" content=\"summary_large_image\" \/>\n<meta name=\"twitter:label1\" content=\"Escrito por\">\n\t<meta name=\"twitter:data1\" content=\"root\">\n\t<meta name=\"twitter:label2\" content=\"Tiempo de lectura\">\n\t<meta name=\"twitter:data2\" content=\"0 minutos\">\n<script type=\"application\/ld+json\" class=\"yoast-schema-graph\">{\"@context\":\"https:\/\/schema.org\",\"@graph\":[{\"@type\":\"WebSite\",\"@id\":\"https:\/\/ascencioncuanticaangelical.com.mx\/#website\",\"url\":\"https:\/\/ascencioncuanticaangelical.com.mx\/\",\"name\":\"Asensi\\u00f3n Cu\\u00e1ntica Angelical\",\"description\":\"Sitio de Asensi\\u00f3n Cu\\u00e1ntica Angelical\",\"potentialAction\":[{\"@type\":\"SearchAction\",\"target\":\"https:\/\/ascencioncuanticaangelical.com.mx\/?s={search_term_string}\",\"query-input\":\"required name=search_term_string\"}],\"inLanguage\":\"es\"},{\"@type\":\"ImageObject\",\"@id\":\"https:\/\/ascencioncuanticaangelical.com.mx\/?product=magnified-healing#primaryimage\",\"inLanguage\":\"es\",\"url\":\"https:\/\/ascencioncuanticaangelical.com.mx\/wp-content\/uploads\/2021\/06\/40-aniversario.jpg\",\"width\":635,\"height\":636},{\"@type\":\"WebPage\",\"@id\":\"https:\/\/ascencioncuanticaangelical.com.mx\/?product=magnified-healing#webpage\",\"url\":\"https:\/\/ascencioncuanticaangelical.com.mx\/?product=magnified-healing\",\"name\":\"MAGNIFIED HEALING - Asensi\\u00f3n Cu\\u00e1ntica Angelical\",\"isPartOf\":{\"@id\":\"https:\/\/ascencioncuanticaangelical.com.mx\/#website\"},\"primaryImageOfPage\":{\"@id\":\"https:\/\/ascencioncuanticaangelical.com.mx\/?product=magnified-healing#primaryimage\"},\"datePublished\":\"2021-05-20T14:55:28+00:00\",\"dateModified\":\"2021-06-17T15:09:11+00:00\",\"inLanguage\":\"es\",\"potentialAction\":[{\"@type\":\"ReadAction\",\"target\":[\"https:\/\/ascencioncuanticaangelical.com.mx\/?product=magnified-healing\"]}]}]}<\/script>\n<!-- \/ Yoast SEO plugin. -->","_links":{"self":[{"href":"https:\/\/ascencioncuanticaangelical.com.mx\/index.php?rest_route=\/wp\/v2\/product\/12494","targetHints":{"allow":["GET"]}}],"collection":[{"href":"https:\/\/ascencioncuanticaangelical.com.mx\/index.php?rest_route=\/wp\/v2\/product"}],"about":[{"href":"https:\/\/ascencioncuanticaangelical.com.mx\/index.php?rest_route=\/wp\/v2\/types\/product"}],"wp:featuredmedia":[{"embeddable":true,"href":"https:\/\/ascencioncuanticaangelical.com.mx\/index.php?rest_route=\/wp\/v2\/media\/12542"}],"wp:attachment":[{"href":"https:\/\/ascencioncuanticaangelical.com.mx\/index.php?rest_route=%2Fwp%2Fv2%2Fmedia&parent=12494"}],"curies":[{"name":"wp","href":"https:\/\/api.w.org\/{rel}","templated":true}]}}