{"id":12342,"date":"2021-03-12T17:14:11","date_gmt":"2021-03-12T17:14:11","guid":{"rendered":"http:\/\/rafmx.com\/sitios\/AsensionCuanticaAngelical\/?post_type=product&#038;p=12342"},"modified":"2021-03-12T17:19:14","modified_gmt":"2021-03-12T17:19:14","slug":"arcangel-chamuel","status":"publish","type":"product","link":"https:\/\/ascencioncuanticaangelical.com.mx\/?product=arcangel-chamuel","title":{"rendered":"Arc\u00e1ngel Chamuel"},"content":{"rendered":"","protected":false},"excerpt":{"rendered":"<p>Arc\u00e1ngel Chamuel te pido me conectes con el amor divino, la sabidur\u00eda divina y el poder divino, limpia mi coraz\u00f3n y purifica mis emociones; ay\u00fadame a encontrarme con mi llama gemela interna para que antes de pedir amor yo me lo pueda dar y as\u00ed como yo me ame pueda amar a los dem\u00e1s, c\u00fabreme en una esfera dorado rosada y en envu\u00e9lveme con el amor de DIOS. Am\u00e9n<\/p>\n","protected":false},"featured_media":12328,"template":"","meta":[],"class_list":{"0":"post-12342","1":"product","2":"type-product","3":"status-publish","4":"has-post-thumbnail","6":"product_cat-veladoras-angelicales","9":"first","10":"instock","11":"taxable","12":"shipping-taxable","13":"purchasable","14":"product-type-simple"},"yoast_head":"<!-- This site is optimized with the Yoast SEO plugin v15.4 - https:\/\/yoast.com\/wordpress\/plugins\/seo\/ -->\n<title>Arc\u00e1ngel Chamuel - Asensi\u00f3n Cu\u00e1ntica Angelical<\/title>\n<meta name=\"robots\" content=\"index, follow, max-snippet:-1, max-image-preview:large, max-video-preview:-1\" \/>\n<link rel=\"canonical\" href=\"https:\/\/ascencioncuanticaangelical.com.mx\/?product=arcangel-chamuel\" \/>\n<meta property=\"og:locale\" content=\"es_MX\" \/>\n<meta property=\"og:type\" content=\"article\" \/>\n<meta property=\"og:title\" content=\"Arc\u00e1ngel Chamuel - Asensi\u00f3n Cu\u00e1ntica Angelical\" \/>\n<meta property=\"og:description\" content=\"Arc\u00e1ngel Chamuel te pido me conectes con el amor divino, la sabidur\u00eda divina y el poder divino, limpia mi coraz\u00f3n y purifica mis emociones; ay\u00fadame a encontrarme con mi llama gemela interna para que antes de pedir amor yo me lo pueda dar y as\u00ed como yo me ame pueda amar a los dem\u00e1s, c\u00fabreme en una esfera dorado rosada y en envu\u00e9lveme con el amor de DIOS. Am\u00e9n\" \/>\n<meta property=\"og:url\" content=\"https:\/\/ascencioncuanticaangelical.com.mx\/?product=arcangel-chamuel\" \/>\n<meta property=\"og:site_name\" content=\"Asensi\u00f3n Cu\u00e1ntica Angelical\" \/>\n<meta property=\"article:modified_time\" content=\"2021-03-12T17:19:14+00:00\" \/>\n<meta property=\"og:image\" content=\"https:\/\/ascencioncuanticaangelical.com.mx\/wp-content\/uploads\/2021\/03\/veladoras-angelicales-06.png\" \/>\n\t<meta property=\"og:image:width\" content=\"2251\" \/>\n\t<meta property=\"og:image:height\" content=\"2251\" \/>\n<meta name=\"twitter:card\" content=\"summary_large_image\" \/>\n<meta name=\"twitter:label1\" content=\"Escrito por\">\n\t<meta name=\"twitter:data1\" content=\"root\">\n<script type=\"application\/ld+json\" class=\"yoast-schema-graph\">{\"@context\":\"https:\/\/schema.org\",\"@graph\":[{\"@type\":\"WebSite\",\"@id\":\"https:\/\/ascencioncuanticaangelical.com.mx\/#website\",\"url\":\"https:\/\/ascencioncuanticaangelical.com.mx\/\",\"name\":\"Asensi\\u00f3n Cu\\u00e1ntica Angelical\",\"description\":\"Sitio de Asensi\\u00f3n Cu\\u00e1ntica Angelical\",\"potentialAction\":[{\"@type\":\"SearchAction\",\"target\":\"https:\/\/ascencioncuanticaangelical.com.mx\/?s={search_term_string}\",\"query-input\":\"required name=search_term_string\"}],\"inLanguage\":\"es\"},{\"@type\":\"ImageObject\",\"@id\":\"https:\/\/ascencioncuanticaangelical.com.mx\/?product=arcangel-chamuel#primaryimage\",\"inLanguage\":\"es\",\"url\":\"https:\/\/ascencioncuanticaangelical.com.mx\/wp-content\/uploads\/2021\/03\/veladoras-angelicales-06.png\",\"width\":2251,\"height\":2251},{\"@type\":\"WebPage\",\"@id\":\"https:\/\/ascencioncuanticaangelical.com.mx\/?product=arcangel-chamuel#webpage\",\"url\":\"https:\/\/ascencioncuanticaangelical.com.mx\/?product=arcangel-chamuel\",\"name\":\"Arc\\u00e1ngel Chamuel - Asensi\\u00f3n Cu\\u00e1ntica Angelical\",\"isPartOf\":{\"@id\":\"https:\/\/ascencioncuanticaangelical.com.mx\/#website\"},\"primaryImageOfPage\":{\"@id\":\"https:\/\/ascencioncuanticaangelical.com.mx\/?product=arcangel-chamuel#primaryimage\"},\"datePublished\":\"2021-03-12T17:14:11+00:00\",\"dateModified\":\"2021-03-12T17:19:14+00:00\",\"inLanguage\":\"es\",\"potentialAction\":[{\"@type\":\"ReadAction\",\"target\":[\"https:\/\/ascencioncuanticaangelical.com.mx\/?product=arcangel-chamuel\"]}]}]}<\/script>\n<!-- \/ Yoast SEO plugin. -->","_links":{"self":[{"href":"https:\/\/ascencioncuanticaangelical.com.mx\/index.php?rest_route=\/wp\/v2\/product\/12342","targetHints":{"allow":["GET"]}}],"collection":[{"href":"https:\/\/ascencioncuanticaangelical.com.mx\/index.php?rest_route=\/wp\/v2\/product"}],"about":[{"href":"https:\/\/ascencioncuanticaangelical.com.mx\/index.php?rest_route=\/wp\/v2\/types\/product"}],"wp:featuredmedia":[{"embeddable":true,"href":"https:\/\/ascencioncuanticaangelical.com.mx\/index.php?rest_route=\/wp\/v2\/media\/12328"}],"wp:attachment":[{"href":"https:\/\/ascencioncuanticaangelical.com.mx\/index.php?rest_route=%2Fwp%2Fv2%2Fmedia&parent=12342"}],"curies":[{"name":"wp","href":"https:\/\/api.w.org\/{rel}","templated":true}]}}