{"id":12332,"date":"2021-03-12T16:40:49","date_gmt":"2021-03-12T16:40:49","guid":{"rendered":"http:\/\/rafmx.com\/sitios\/AsensionCuanticaAngelical\/?post_type=product&#038;p=12332"},"modified":"2021-03-12T16:44:34","modified_gmt":"2021-03-12T16:44:34","slug":"arcangel-metatron-2","status":"publish","type":"product","link":"https:\/\/ascencioncuanticaangelical.com.mx\/?product=arcangel-metatron-2","title":{"rendered":"Arc\u00e1ngel Metatr\u00f3n"},"content":{"rendered":"","protected":false},"excerpt":{"rendered":"<p>Arcangel Metatron ense\u00f1ame a vivir en el tiempo de Dios, que mi vida sea organizada desde su perspectiva, te pido me hagas llegar&#8212;&#8212;&#8212;&#8212;&#8212;- por tu poderosa intervenci\u00f3n<br \/>\nasi sea asi ya es.<\/p>\n","protected":false},"featured_media":12323,"template":"","meta":[],"class_list":{"0":"post-12332","1":"product","2":"type-product","3":"status-publish","4":"has-post-thumbnail","6":"product_cat-veladoras-angelicales","9":"first","10":"instock","11":"taxable","12":"shipping-taxable","13":"purchasable","14":"product-type-simple"},"yoast_head":"<!-- This site is optimized with the Yoast SEO plugin v15.4 - https:\/\/yoast.com\/wordpress\/plugins\/seo\/ -->\n<title>Arc\u00e1ngel Metatr\u00f3n - Asensi\u00f3n Cu\u00e1ntica Angelical<\/title>\n<meta name=\"robots\" content=\"index, follow, max-snippet:-1, max-image-preview:large, max-video-preview:-1\" \/>\n<link rel=\"canonical\" href=\"https:\/\/ascencioncuanticaangelical.com.mx\/?product=arcangel-metatron-2\" \/>\n<meta property=\"og:locale\" content=\"es_MX\" \/>\n<meta property=\"og:type\" content=\"article\" \/>\n<meta property=\"og:title\" content=\"Arc\u00e1ngel Metatr\u00f3n - Asensi\u00f3n Cu\u00e1ntica Angelical\" \/>\n<meta property=\"og:description\" content=\"Arcangel Metatron ense\u00f1ame a vivir en el tiempo de Dios, que mi vida sea organizada desde su perspectiva, te pido me hagas llegar---------------- por tu poderosa intervenci\u00f3n  asi sea asi ya es.\" \/>\n<meta property=\"og:url\" content=\"https:\/\/ascencioncuanticaangelical.com.mx\/?product=arcangel-metatron-2\" \/>\n<meta property=\"og:site_name\" content=\"Asensi\u00f3n Cu\u00e1ntica Angelical\" \/>\n<meta property=\"article:modified_time\" content=\"2021-03-12T16:44:34+00:00\" \/>\n<meta property=\"og:image\" content=\"https:\/\/ascencioncuanticaangelical.com.mx\/wp-content\/uploads\/2021\/03\/veladoras-angelicales_Mesa-de-trabajo-1.png\" \/>\n\t<meta property=\"og:image:width\" content=\"2250\" \/>\n\t<meta property=\"og:image:height\" content=\"2250\" \/>\n<meta name=\"twitter:card\" content=\"summary_large_image\" \/>\n<meta name=\"twitter:label1\" content=\"Escrito por\">\n\t<meta name=\"twitter:data1\" content=\"root\">\n<script type=\"application\/ld+json\" class=\"yoast-schema-graph\">{\"@context\":\"https:\/\/schema.org\",\"@graph\":[{\"@type\":\"WebSite\",\"@id\":\"https:\/\/ascencioncuanticaangelical.com.mx\/#website\",\"url\":\"https:\/\/ascencioncuanticaangelical.com.mx\/\",\"name\":\"Asensi\\u00f3n Cu\\u00e1ntica Angelical\",\"description\":\"Sitio de Asensi\\u00f3n Cu\\u00e1ntica Angelical\",\"potentialAction\":[{\"@type\":\"SearchAction\",\"target\":\"https:\/\/ascencioncuanticaangelical.com.mx\/?s={search_term_string}\",\"query-input\":\"required name=search_term_string\"}],\"inLanguage\":\"es\"},{\"@type\":\"ImageObject\",\"@id\":\"https:\/\/ascencioncuanticaangelical.com.mx\/?product=arcangel-metatron-2#primaryimage\",\"inLanguage\":\"es\",\"url\":\"https:\/\/ascencioncuanticaangelical.com.mx\/wp-content\/uploads\/2021\/03\/veladoras-angelicales_Mesa-de-trabajo-1.png\",\"width\":2250,\"height\":2250},{\"@type\":\"WebPage\",\"@id\":\"https:\/\/ascencioncuanticaangelical.com.mx\/?product=arcangel-metatron-2#webpage\",\"url\":\"https:\/\/ascencioncuanticaangelical.com.mx\/?product=arcangel-metatron-2\",\"name\":\"Arc\\u00e1ngel Metatr\\u00f3n - Asensi\\u00f3n Cu\\u00e1ntica Angelical\",\"isPartOf\":{\"@id\":\"https:\/\/ascencioncuanticaangelical.com.mx\/#website\"},\"primaryImageOfPage\":{\"@id\":\"https:\/\/ascencioncuanticaangelical.com.mx\/?product=arcangel-metatron-2#primaryimage\"},\"datePublished\":\"2021-03-12T16:40:49+00:00\",\"dateModified\":\"2021-03-12T16:44:34+00:00\",\"inLanguage\":\"es\",\"potentialAction\":[{\"@type\":\"ReadAction\",\"target\":[\"https:\/\/ascencioncuanticaangelical.com.mx\/?product=arcangel-metatron-2\"]}]}]}<\/script>\n<!-- \/ Yoast SEO plugin. -->","_links":{"self":[{"href":"https:\/\/ascencioncuanticaangelical.com.mx\/index.php?rest_route=\/wp\/v2\/product\/12332","targetHints":{"allow":["GET"]}}],"collection":[{"href":"https:\/\/ascencioncuanticaangelical.com.mx\/index.php?rest_route=\/wp\/v2\/product"}],"about":[{"href":"https:\/\/ascencioncuanticaangelical.com.mx\/index.php?rest_route=\/wp\/v2\/types\/product"}],"wp:featuredmedia":[{"embeddable":true,"href":"https:\/\/ascencioncuanticaangelical.com.mx\/index.php?rest_route=\/wp\/v2\/media\/12323"}],"wp:attachment":[{"href":"https:\/\/ascencioncuanticaangelical.com.mx\/index.php?rest_route=%2Fwp%2Fv2%2Fmedia&parent=12332"}],"curies":[{"name":"wp","href":"https:\/\/api.w.org\/{rel}","templated":true}]}}