{"id":12159,"date":"2021-02-23T18:59:13","date_gmt":"2021-02-23T18:59:13","guid":{"rendered":"http:\/\/rafmx.com\/sitios\/AsensionCuanticaAngelical\/?post_type=product&#038;p=12159"},"modified":"2021-03-12T00:54:17","modified_gmt":"2021-03-12T00:54:17","slug":"arcangel-gabriel","status":"publish","type":"product","link":"https:\/\/ascencioncuanticaangelical.com.mx\/?product=arcangel-gabriel","title":{"rendered":"Arc\u00e1ngel Gabriel"},"content":{"rendered":"","protected":false},"excerpt":{"rendered":"<p><strong><u>SAL ORG\u00c1NICA PARA LIMPIEZA ENERG\u00c9TICA<\/u><\/strong><\/p>\n<p>Con su esencia Jazmin invoca Alegr\u00eda, Esperanza y Equilibrio de\u00a0 las emociones.<\/p>\n<p>Oracion: Arcangel Gabriel pido amorosamente recibir la gu\u00eda, la respuesta de Dios. Am\u00e9n Am\u00e9n Am\u00e9n Am\u00e9n<\/p>\n","protected":false},"featured_media":12160,"template":"","meta":[],"class_list":{"0":"post-12159","1":"product","2":"type-product","3":"status-publish","4":"has-post-thumbnail","6":"product_cat-tierra","7":"product_tag-chacras","10":"first","11":"instock","12":"featured","13":"virtual","14":"purchasable","15":"product-type-simple"},"yoast_head":"<!-- This site is optimized with the Yoast SEO plugin v15.4 - https:\/\/yoast.com\/wordpress\/plugins\/seo\/ -->\n<title>Arc\u00e1ngel Gabriel - Asensi\u00f3n Cu\u00e1ntica Angelical<\/title>\n<meta name=\"robots\" content=\"index, follow, max-snippet:-1, max-image-preview:large, max-video-preview:-1\" \/>\n<link rel=\"canonical\" href=\"https:\/\/ascencioncuanticaangelical.com.mx\/?product=arcangel-gabriel\" \/>\n<meta property=\"og:locale\" content=\"es_MX\" \/>\n<meta property=\"og:type\" content=\"article\" \/>\n<meta property=\"og:title\" content=\"Arc\u00e1ngel Gabriel - Asensi\u00f3n Cu\u00e1ntica Angelical\" \/>\n<meta property=\"og:description\" content=\"SAL ORG\u00c1NICA PARA LIMPIEZA ENERG\u00c9TICA  Con su esencia Jazmin invoca Alegr\u00eda, Esperanza y Equilibrio de\u00a0 las emociones.  Oracion: Arcangel Gabriel pido amorosamente recibir la gu\u00eda, la respuesta de Dios. Am\u00e9n Am\u00e9n Am\u00e9n Am\u00e9n\" \/>\n<meta property=\"og:url\" content=\"https:\/\/ascencioncuanticaangelical.com.mx\/?product=arcangel-gabriel\" \/>\n<meta property=\"og:site_name\" content=\"Asensi\u00f3n Cu\u00e1ntica Angelical\" \/>\n<meta property=\"article:modified_time\" content=\"2021-03-12T00:54:17+00:00\" \/>\n<meta property=\"og:image\" content=\"https:\/\/ascencioncuanticaangelical.com.mx\/wp-content\/uploads\/2021\/02\/WhatsApp-Image-2021-02-16-at-6.49PortadaGabriel.jpg\" \/>\n\t<meta property=\"og:image:width\" content=\"1218\" \/>\n\t<meta property=\"og:image:height\" content=\"1024\" \/>\n<meta name=\"twitter:card\" content=\"summary_large_image\" \/>\n<meta name=\"twitter:label1\" content=\"Escrito por\">\n\t<meta name=\"twitter:data1\" content=\"root\">\n<script type=\"application\/ld+json\" class=\"yoast-schema-graph\">{\"@context\":\"https:\/\/schema.org\",\"@graph\":[{\"@type\":\"WebSite\",\"@id\":\"https:\/\/ascencioncuanticaangelical.com.mx\/#website\",\"url\":\"https:\/\/ascencioncuanticaangelical.com.mx\/\",\"name\":\"Asensi\\u00f3n Cu\\u00e1ntica Angelical\",\"description\":\"Sitio de Asensi\\u00f3n Cu\\u00e1ntica Angelical\",\"potentialAction\":[{\"@type\":\"SearchAction\",\"target\":\"https:\/\/ascencioncuanticaangelical.com.mx\/?s={search_term_string}\",\"query-input\":\"required name=search_term_string\"}],\"inLanguage\":\"es\"},{\"@type\":\"ImageObject\",\"@id\":\"https:\/\/ascencioncuanticaangelical.com.mx\/?product=arcangel-gabriel#primaryimage\",\"inLanguage\":\"es\",\"url\":\"https:\/\/ascencioncuanticaangelical.com.mx\/wp-content\/uploads\/2021\/02\/WhatsApp-Image-2021-02-16-at-6.49PortadaGabriel.jpg\",\"width\":1218,\"height\":1024},{\"@type\":\"WebPage\",\"@id\":\"https:\/\/ascencioncuanticaangelical.com.mx\/?product=arcangel-gabriel#webpage\",\"url\":\"https:\/\/ascencioncuanticaangelical.com.mx\/?product=arcangel-gabriel\",\"name\":\"Arc\\u00e1ngel Gabriel - Asensi\\u00f3n Cu\\u00e1ntica Angelical\",\"isPartOf\":{\"@id\":\"https:\/\/ascencioncuanticaangelical.com.mx\/#website\"},\"primaryImageOfPage\":{\"@id\":\"https:\/\/ascencioncuanticaangelical.com.mx\/?product=arcangel-gabriel#primaryimage\"},\"datePublished\":\"2021-02-23T18:59:13+00:00\",\"dateModified\":\"2021-03-12T00:54:17+00:00\",\"inLanguage\":\"es\",\"potentialAction\":[{\"@type\":\"ReadAction\",\"target\":[\"https:\/\/ascencioncuanticaangelical.com.mx\/?product=arcangel-gabriel\"]}]}]}<\/script>\n<!-- \/ Yoast SEO plugin. -->","_links":{"self":[{"href":"https:\/\/ascencioncuanticaangelical.com.mx\/index.php?rest_route=\/wp\/v2\/product\/12159","targetHints":{"allow":["GET"]}}],"collection":[{"href":"https:\/\/ascencioncuanticaangelical.com.mx\/index.php?rest_route=\/wp\/v2\/product"}],"about":[{"href":"https:\/\/ascencioncuanticaangelical.com.mx\/index.php?rest_route=\/wp\/v2\/types\/product"}],"wp:featuredmedia":[{"embeddable":true,"href":"https:\/\/ascencioncuanticaangelical.com.mx\/index.php?rest_route=\/wp\/v2\/media\/12160"}],"wp:attachment":[{"href":"https:\/\/ascencioncuanticaangelical.com.mx\/index.php?rest_route=%2Fwp%2Fv2%2Fmedia&parent=12159"}],"curies":[{"name":"wp","href":"https:\/\/api.w.org\/{rel}","templated":true}]}}