{"id":12049,"date":"2021-02-16T19:52:04","date_gmt":"2021-02-16T19:52:04","guid":{"rendered":"http:\/\/rafmx.com\/sitios\/AsensionCuanticaAngelical\/?post_type=product&#038;p=12049"},"modified":"2021-03-12T00:48:56","modified_gmt":"2021-03-12T00:48:56","slug":"aceite-de-incienso-sagrado-5ml","status":"publish","type":"product","link":"https:\/\/ascencioncuanticaangelical.com.mx\/?product=aceite-de-incienso-sagrado-5ml","title":{"rendered":"Aceite de Incienso Sagrado 5ml"},"content":{"rendered":"<p>Apertura del coraz\u00f3n<br \/>\nexpansi\u00f3n<br \/>\neleva vibraci\u00f3n<br \/>\nConecta con las vibraciones mas altas y con los \u00e1ngeles<br \/>\nPURIFICACI\u00d3N<\/p>\n","protected":false},"excerpt":{"rendered":"<p>Apertura del coraz\u00f3n<br \/>\nexpansi\u00f3n<br \/>\neleva vibraci\u00f3n<br \/>\nConecta con las vibraciones mas altas y con los \u00e1ngeles<br \/>\nPURIFICACI\u00d3N<\/p>\n","protected":false},"featured_media":12144,"template":"","meta":[],"class_list":{"0":"post-12049","1":"product","2":"type-product","3":"status-publish","4":"has-post-thumbnail","6":"product_cat-esencias-angelicales","9":"first","10":"instock","11":"featured","12":"virtual","13":"purchasable","14":"product-type-simple"},"yoast_head":"<!-- This site is optimized with the Yoast SEO plugin v15.4 - https:\/\/yoast.com\/wordpress\/plugins\/seo\/ -->\n<title>Aceite de Incienso Sagrado 5ml - Asensi\u00f3n Cu\u00e1ntica Angelical<\/title>\n<meta name=\"robots\" content=\"index, follow, max-snippet:-1, max-image-preview:large, max-video-preview:-1\" \/>\n<link rel=\"canonical\" href=\"https:\/\/ascencioncuanticaangelical.com.mx\/?product=aceite-de-incienso-sagrado-5ml\" \/>\n<meta property=\"og:locale\" content=\"es_MX\" \/>\n<meta property=\"og:type\" content=\"article\" \/>\n<meta property=\"og:title\" content=\"Aceite de Incienso Sagrado 5ml - Asensi\u00f3n Cu\u00e1ntica Angelical\" \/>\n<meta property=\"og:description\" content=\"Apertura del coraz\u00f3n expansi\u00f3n eleva vibraci\u00f3n Conecta con las vibraciones mas altas y con los \u00e1ngeles PURIFICACI\u00d3N\" \/>\n<meta property=\"og:url\" content=\"https:\/\/ascencioncuanticaangelical.com.mx\/?product=aceite-de-incienso-sagrado-5ml\" \/>\n<meta property=\"og:site_name\" content=\"Asensi\u00f3n Cu\u00e1ntica Angelical\" \/>\n<meta property=\"article:modified_time\" content=\"2021-03-12T00:48:56+00:00\" \/>\n<meta property=\"og:image\" content=\"https:\/\/ascencioncuanticaangelical.com.mx\/wp-content\/uploads\/2021\/02\/ecencias-angelicales-02.png\" \/>\n\t<meta property=\"og:image:width\" content=\"1043\" \/>\n\t<meta property=\"og:image:height\" content=\"1042\" \/>\n<meta name=\"twitter:card\" content=\"summary_large_image\" \/>\n<meta name=\"twitter:label1\" content=\"Escrito por\">\n\t<meta name=\"twitter:data1\" content=\"root\">\n\t<meta name=\"twitter:label2\" content=\"Tiempo de lectura\">\n\t<meta name=\"twitter:data2\" content=\"0 minutos\">\n<script type=\"application\/ld+json\" class=\"yoast-schema-graph\">{\"@context\":\"https:\/\/schema.org\",\"@graph\":[{\"@type\":\"WebSite\",\"@id\":\"https:\/\/ascencioncuanticaangelical.com.mx\/#website\",\"url\":\"https:\/\/ascencioncuanticaangelical.com.mx\/\",\"name\":\"Asensi\\u00f3n Cu\\u00e1ntica Angelical\",\"description\":\"Sitio de Asensi\\u00f3n Cu\\u00e1ntica Angelical\",\"potentialAction\":[{\"@type\":\"SearchAction\",\"target\":\"https:\/\/ascencioncuanticaangelical.com.mx\/?s={search_term_string}\",\"query-input\":\"required name=search_term_string\"}],\"inLanguage\":\"es\"},{\"@type\":\"ImageObject\",\"@id\":\"https:\/\/ascencioncuanticaangelical.com.mx\/?product=aceite-de-incienso-sagrado-5ml#primaryimage\",\"inLanguage\":\"es\",\"url\":\"https:\/\/ascencioncuanticaangelical.com.mx\/wp-content\/uploads\/2021\/02\/ecencias-angelicales-02.png\",\"width\":1043,\"height\":1042},{\"@type\":\"WebPage\",\"@id\":\"https:\/\/ascencioncuanticaangelical.com.mx\/?product=aceite-de-incienso-sagrado-5ml#webpage\",\"url\":\"https:\/\/ascencioncuanticaangelical.com.mx\/?product=aceite-de-incienso-sagrado-5ml\",\"name\":\"Aceite de Incienso Sagrado 5ml - Asensi\\u00f3n Cu\\u00e1ntica Angelical\",\"isPartOf\":{\"@id\":\"https:\/\/ascencioncuanticaangelical.com.mx\/#website\"},\"primaryImageOfPage\":{\"@id\":\"https:\/\/ascencioncuanticaangelical.com.mx\/?product=aceite-de-incienso-sagrado-5ml#primaryimage\"},\"datePublished\":\"2021-02-16T19:52:04+00:00\",\"dateModified\":\"2021-03-12T00:48:56+00:00\",\"inLanguage\":\"es\",\"potentialAction\":[{\"@type\":\"ReadAction\",\"target\":[\"https:\/\/ascencioncuanticaangelical.com.mx\/?product=aceite-de-incienso-sagrado-5ml\"]}]}]}<\/script>\n<!-- \/ Yoast SEO plugin. -->","_links":{"self":[{"href":"https:\/\/ascencioncuanticaangelical.com.mx\/index.php?rest_route=\/wp\/v2\/product\/12049","targetHints":{"allow":["GET"]}}],"collection":[{"href":"https:\/\/ascencioncuanticaangelical.com.mx\/index.php?rest_route=\/wp\/v2\/product"}],"about":[{"href":"https:\/\/ascencioncuanticaangelical.com.mx\/index.php?rest_route=\/wp\/v2\/types\/product"}],"wp:featuredmedia":[{"embeddable":true,"href":"https:\/\/ascencioncuanticaangelical.com.mx\/index.php?rest_route=\/wp\/v2\/media\/12144"}],"wp:attachment":[{"href":"https:\/\/ascencioncuanticaangelical.com.mx\/index.php?rest_route=%2Fwp%2Fv2%2Fmedia&parent=12049"}],"curies":[{"name":"wp","href":"https:\/\/api.w.org\/{rel}","templated":true}]}}