{"id":12017,"date":"2021-02-13T01:11:58","date_gmt":"2021-02-13T01:11:58","guid":{"rendered":"http:\/\/rafmx.com\/sitios\/AsensionCuanticaAngelical\/?post_type=product&#038;p=12017"},"modified":"2021-03-12T00:36:31","modified_gmt":"2021-03-12T00:36:31","slug":"veladora-arcoiris-premium-copia","status":"publish","type":"product","link":"https:\/\/ascencioncuanticaangelical.com.mx\/?product=veladora-arcoiris-premium-copia","title":{"rendered":"Aceite de Menta 5ml"},"content":{"rendered":"<p>Menta tiene un aroma fuerte, limpio y fresco. Cient\u00edficos han investigado el rol de la menta mejora el sabor y olor cuando es inhalado.<\/p>\n<div class=\"heading c82\"><b>Experiencia<\/b><\/div>\n<div class=\"text c82 \">El aceite esencial de menta tiene un aroma vigorizante que puede ayudar a crear un ambiente placentero. Tambi\u00e9n puede crear una sensaci\u00f3n refrescante al aplicar t\u00f3picamente, especialmente despu\u00e9s de alguna actividad f\u00edsica.<\/div>\n","protected":false},"excerpt":{"rendered":"<h5>Aceite de Menta<\/h5>\n<ul>\n<li>Despeja el ambiente de tensi\u00f3n y vibras negativas.<\/li>\n<\/ul>\n<p>&nbsp;<\/p>\n<ul>\n<li>Relaja alivia la fatiga, el stress, dolores de cabeza.<\/li>\n<\/ul>\n<p>&nbsp;<\/p>\n<ul>\n<li>Te mantiene alerta, (excelente para usar con difusor de auto).<\/li>\n<\/ul>\n","protected":false},"featured_media":12011,"template":"","meta":[],"class_list":{"0":"post-12017","1":"product","2":"type-product","3":"status-publish","4":"has-post-thumbnail","6":"product_cat-agua","7":"product_tag-chacras","10":"first","11":"instock","12":"featured","13":"virtual","14":"purchasable","15":"product-type-simple"},"yoast_head":"<!-- This site is optimized with the Yoast SEO plugin v15.4 - https:\/\/yoast.com\/wordpress\/plugins\/seo\/ -->\n<title>Aceite de Menta 5ml - Asensi\u00f3n Cu\u00e1ntica Angelical<\/title>\n<meta name=\"robots\" content=\"index, follow, max-snippet:-1, max-image-preview:large, max-video-preview:-1\" \/>\n<link rel=\"canonical\" href=\"https:\/\/ascencioncuanticaangelical.com.mx\/?product=veladora-arcoiris-premium-copia\" \/>\n<meta property=\"og:locale\" content=\"es_MX\" \/>\n<meta property=\"og:type\" content=\"article\" \/>\n<meta property=\"og:title\" content=\"Aceite de Menta 5ml - Asensi\u00f3n Cu\u00e1ntica Angelical\" \/>\n<meta property=\"og:description\" content=\"Aceite de Menta   Despeja el ambiente de tensi\u00f3n y vibras negativas.  &nbsp;   Relaja alivia la fatiga, el stress, dolores de cabeza.  &nbsp;   Te mantiene alerta, (excelente para usar con difusor de auto).\" \/>\n<meta property=\"og:url\" content=\"https:\/\/ascencioncuanticaangelical.com.mx\/?product=veladora-arcoiris-premium-copia\" \/>\n<meta property=\"og:site_name\" content=\"Asensi\u00f3n Cu\u00e1ntica Angelical\" \/>\n<meta property=\"article:modified_time\" content=\"2021-03-12T00:36:31+00:00\" \/>\n<meta property=\"og:image\" content=\"https:\/\/ascencioncuanticaangelical.com.mx\/wp-content\/uploads\/2021\/02\/Menta.jpg\" \/>\n\t<meta property=\"og:image:width\" content=\"250\" \/>\n\t<meta property=\"og:image:height\" content=\"250\" \/>\n<meta name=\"twitter:card\" content=\"summary_large_image\" \/>\n<meta name=\"twitter:label1\" content=\"Escrito por\">\n\t<meta name=\"twitter:data1\" content=\"root\">\n\t<meta name=\"twitter:label2\" content=\"Tiempo de lectura\">\n\t<meta name=\"twitter:data2\" content=\"0 minutos\">\n<script type=\"application\/ld+json\" class=\"yoast-schema-graph\">{\"@context\":\"https:\/\/schema.org\",\"@graph\":[{\"@type\":\"WebSite\",\"@id\":\"https:\/\/ascencioncuanticaangelical.com.mx\/#website\",\"url\":\"https:\/\/ascencioncuanticaangelical.com.mx\/\",\"name\":\"Asensi\\u00f3n Cu\\u00e1ntica Angelical\",\"description\":\"Sitio de Asensi\\u00f3n Cu\\u00e1ntica Angelical\",\"potentialAction\":[{\"@type\":\"SearchAction\",\"target\":\"https:\/\/ascencioncuanticaangelical.com.mx\/?s={search_term_string}\",\"query-input\":\"required name=search_term_string\"}],\"inLanguage\":\"es\"},{\"@type\":\"ImageObject\",\"@id\":\"https:\/\/ascencioncuanticaangelical.com.mx\/?product=veladora-arcoiris-premium-copia#primaryimage\",\"inLanguage\":\"es\",\"url\":\"https:\/\/ascencioncuanticaangelical.com.mx\/wp-content\/uploads\/2021\/02\/Menta.jpg\",\"width\":250,\"height\":250},{\"@type\":\"WebPage\",\"@id\":\"https:\/\/ascencioncuanticaangelical.com.mx\/?product=veladora-arcoiris-premium-copia#webpage\",\"url\":\"https:\/\/ascencioncuanticaangelical.com.mx\/?product=veladora-arcoiris-premium-copia\",\"name\":\"Aceite de Menta 5ml - Asensi\\u00f3n Cu\\u00e1ntica Angelical\",\"isPartOf\":{\"@id\":\"https:\/\/ascencioncuanticaangelical.com.mx\/#website\"},\"primaryImageOfPage\":{\"@id\":\"https:\/\/ascencioncuanticaangelical.com.mx\/?product=veladora-arcoiris-premium-copia#primaryimage\"},\"datePublished\":\"2021-02-13T01:11:58+00:00\",\"dateModified\":\"2021-03-12T00:36:31+00:00\",\"inLanguage\":\"es\",\"potentialAction\":[{\"@type\":\"ReadAction\",\"target\":[\"https:\/\/ascencioncuanticaangelical.com.mx\/?product=veladora-arcoiris-premium-copia\"]}]}]}<\/script>\n<!-- \/ Yoast SEO plugin. -->","_links":{"self":[{"href":"https:\/\/ascencioncuanticaangelical.com.mx\/index.php?rest_route=\/wp\/v2\/product\/12017","targetHints":{"allow":["GET"]}}],"collection":[{"href":"https:\/\/ascencioncuanticaangelical.com.mx\/index.php?rest_route=\/wp\/v2\/product"}],"about":[{"href":"https:\/\/ascencioncuanticaangelical.com.mx\/index.php?rest_route=\/wp\/v2\/types\/product"}],"wp:featuredmedia":[{"embeddable":true,"href":"https:\/\/ascencioncuanticaangelical.com.mx\/index.php?rest_route=\/wp\/v2\/media\/12011"}],"wp:attachment":[{"href":"https:\/\/ascencioncuanticaangelical.com.mx\/index.php?rest_route=%2Fwp%2Fv2%2Fmedia&parent=12017"}],"curies":[{"name":"wp","href":"https:\/\/api.w.org\/{rel}","templated":true}]}}